{"id":1735,"date":"2024-06-03T14:44:07","date_gmt":"2024-06-03T14:44:07","guid":{"rendered":"https:\/\/cmsupporti.it\/was-sie-ueber-uns-sagen\/"},"modified":"2025-05-19T11:52:21","modified_gmt":"2025-05-19T11:52:21","slug":"was-sie-ueber-uns-sagen","status":"publish","type":"page","link":"https:\/\/cmsupporti.it\/de\/was-sie-ueber-uns-sagen\/","title":{"rendered":"Ex-Ordinance-Waffen"},"content":{"rendered":"\n<div class=\"wp-block-cover alignfull has-parallax\" style=\"border-top-left-radius:15px;border-top-right-radius:15px;border-bottom-left-radius:15px;border-bottom-right-radius:15px\"><div class=\"wp-block-cover__image-background wp-image-1396 has-parallax\" style=\"background-position:50% 50%;background-image:url(https:\/\/cmsupporti.it\/wp-content\/uploads\/2024\/07\/many-rifle-bullets-and-cartridges-on-dark-camoufla-2023-11-27-04-55-01-utc-scaled.jpg)\"><\/div><span aria-hidden=\"true\" class=\"wp-block-cover__background has-background-dim-0 has-background-dim\" style=\"background-color:#5d5650\"><\/span><div class=\"wp-block-cover__inner-container is-layout-flow wp-block-cover-is-layout-flow\">\n<div class=\"wp-block-group alignfull has-contrast-background-color has-background editorskit-no-mobile has-global-padding is-layout-constrained wp-container-core-group-is-layout-992954f5 wp-block-group-is-layout-constrained\" style=\"border-radius:15px;margin-top:var(--wp--preset--spacing--10);margin-bottom:var(--wp--preset--spacing--10);padding-top:3rem;padding-right:3rem;padding-bottom:3rem;padding-left:3rem\">\n<div class=\"wp-block-group alignwide is-content-justification-center is-nowrap is-layout-flex wp-container-core-group-is-layout-82936891 wp-block-group-is-layout-flex\">\n<p class=\"wp-block-paragraph\" style=\"font-size:clamp(0.875rem, 0.875rem + ((1vw - 0.2rem) * 0.375), 1.1rem);\">Die Verbreitung von Ex-Ordinance-Waffen in den westlichen L\u00e4ndern begann am Ende des Zweiten Weltkriegs, als sie nach ihrer Au\u00dferdienststellung durch die Streitkr\u00e4fte von Milit\u00e4rbegeisterten gesammelt wurden. Der Kauf von Ex-Ordinance-Waffen ist eine Gelegenheit, ein St\u00fcck Milit\u00e4rgeschichte in den H\u00e4nden zu halten. Heute unterliegen diese Waffen den Entmilitarisierungsvorschriften und k\u00f6nnen gem\u00e4\u00df den <a href=\"https:\/\/www.uits.it\/homepage\/discipline-non-issf\/ex-ordinanza\/ex-ordinanza-2024\/20138-regolamento-ex-ordinanza-corte1-0\/file.html\" target=\"_blank\" rel=\"noopener\">gesetzlich vorgeschriebenen<\/a> Standards zirkulieren. Ex-Ordinance-Waffen k\u00f6nnen eine gro\u00dfartige Option f\u00fcr diejenigen sein, die nach hochwertigen Waffen suchen. Marcello Campanerut gr\u00fcndete MC, ein Unternehmen, das sich auf die Montage von Optiken ausschlie\u00dflich f\u00fcr Ex-Verordnungswaffen spezialisiert hat, ohne den historischen oder wirtschaftlichen Wert der Waffe zu beeintr\u00e4chtigen. Die gute Erhaltung solcher Waffen ist unerl\u00e4sslich, um ihre Integrit\u00e4t zu gew\u00e4hrleisten. Wer eine Ex-Ordinance-Waffe komplett mit Optik und ad\u00e4quat haben       <\/p>\n<\/div>\n\n\n\n<div class=\"wp-block-group alignwide is-content-justification-center is-nowrap is-layout-flex wp-container-core-group-is-layout-82936891 wp-block-group-is-layout-flex\">\n<p class=\"wp-block-paragraph\" style=\"font-size:clamp(0.875rem, 0.875rem + ((1vw - 0.2rem) * 0.375), 1.1rem);\">Die Optik ist einer der wichtigsten Teile der Waffe, da sie uns die n\u00f6tige Sicht garantiert, um zielen zu k\u00f6nnen. Es mag nicht einfach sein, eine gute Optik auf seine fr\u00fchere Verordnung zu montieren, weshalb die<a href=\"https:\/\/cmsupporti.it\/de\/shop\/\"> von Marcello Campanerut entworfene Versammlung<\/a> revolution\u00e4r ist. Marcello Campanerut gr\u00fcndete 2007 CM Support und verstand sofort, dass die Waffen der Ex-Verordnung ein Problem mit der Reichweite und Genauigkeit des Schusses hatten. Seine Schie\u00dferfahrung und seine Leidenschaft f\u00fcr das Sammeln von Waffen veranlassten ihn, nach einem Weg zu suchen, die fr\u00fcheren Verordnungen auszugleichen, ohne ihren historischen, symbolischen und wirtschaftlichen Wert zu beeintr\u00e4chtigen. Die CM-Montierung erm\u00f6glicht heute eine vollst\u00e4ndige und vollst\u00e4ndige Integration in die Optik und gew\u00e4hrleistet die einfache Implantation und Deinstallation der Montierung&#8230;     <\/p>\n<\/div>\n\n\n\n<div class=\"wp-block-group alignwide is-content-justification-center is-nowrap is-layout-flex wp-container-core-group-is-layout-d9c97788 wp-block-group-is-layout-flex\" style=\"padding-right:0;padding-left:0\">\n<p class=\"wp-block-paragraph\" style=\"font-size:clamp(0.875rem, 0.875rem + ((1vw - 0.2rem) * 0.375), 1.1rem);\">Marcello Campanerut war schon immer ein leidenschaftlicher Sammler von Waffen und Ordonnanz sowie ein Schie\u00dfexperte. Im Bewusstsein, dass seine Leidenschaft auch zu seinem Beruf werden k\u00f6nnte, gr\u00fcndete er 2006 CM, ein Unternehmen, das sich auf Pr\u00e4zisionsbearbeitung spezialisiert hat. Das Ziel seines Unternehmens war es, Wege zu finden, moderne Optik mit der alten und glorreichen fr\u00fcheren Verordnung zu integrieren. Daher hat Campanerut eine Reihe von St\u00fctzen entwickelt, die auf verschiedenen fr\u00fcheren Verordnungen installiert werden k\u00f6nnen, mit der Besonderheit, dass die Mechanik der Waffe nicht besch\u00e4digt wird, wodurch ihr Wert unver\u00e4ndert bleibt und ihre Leistung erh\u00f6ht wird. Die MC-St\u00fctze wird aus einem Block aus geh\u00e4rtetem und verg\u00fctetem Stahl hergestellt und anschlie\u00dfend br\u00fcniert. Seine Besonderheit besteht darin, dass es auf die Aktion der Waffe statt auf den Lauf fixiert ist, wodurch eine Belastung des Laufs selbst und des Zielfernrohrs vermieden wird und ohne die ballistische Genauigkeit zu beeintr\u00e4chtigen. Das System aus Gelenken und Stiften ist f\u00fcr jedes kompatible Waffenmodell ma\u00dfgeschneidert: Es erm\u00f6glicht die Montage auch in einer au\u00dfermittigen Position auf der rechten Seite und ist auch auf verschiedene Modelle sowohl im Repetier- als auch im halbautomatischen Gewehrsektor anwendbar&#8230;       <\/p>\n<\/div>\n\n\n\n<div class=\"wp-block-group alignwide is-content-justification-center is-nowrap is-layout-flex wp-container-core-group-is-layout-82936891 wp-block-group-is-layout-flex\">\n<p class=\"wp-block-paragraph\" style=\"font-size:clamp(0.875rem, 0.875rem + ((1vw - 0.2rem) * 0.375), 1.1rem);\">Die Welt des Waffensammelns ist ein schnelllebiger und zunehmend expandierender Sektor. Diese besonderen Objekte, die w\u00e4hrend des Zweiten Weltkriegs der Armee geh\u00f6rten, wurden nach ihrer Au\u00dferdienststellung nach und nach auf dem zivilen Markt verkauft und erlangten im Laufe der Jahre einen steigenden wirtschaftlichen Wert. Jeder, der eine Ex-Ordinance-Waffe besitzt, wei\u00df, dass die Verwendung der mit diesen Waffen gelieferten Metallvisiere nicht die gleiche Leistung wie moderne Waffen hat. Dies kann ein Problem f\u00fcr diejenigen sein, die nicht an die Verwendung von veralteten Visier-, Kerb-\/Dioptrien- und Visier-\/Tunnelwerkzeugen gew\u00f6hnt sind. Um all dies zu l\u00f6sen, war Marcello Campanerut, der sich der Notwendigkeit bewusst war, moderne Zielinstrumente mit historischen Waffen auszustatten, eine Baugruppe patentieren lie\u00df, die einerseits in der Lage war, die \u00c4ra der Herstellung der Waffe zu respektieren und andererseits die L\u00fccke zu f\u00fcllen, die die Zeit hinterlassen hatte, in der dieselben Waffen hergestellt wurden. Die Campanerut-Baugruppe sorgt daf\u00fcr, dass das urspr\u00fcngliche Erscheinungsbild der Waffe respektiert wird und Fans historischer Waffen ihre Leistung voll und ganz genie\u00dfen k\u00f6nnen, wodurch sie mit modernen Waffen vergleichbar sind&#8230;      <\/p>\n<\/div>\n\n\n\n<div class=\"wp-block-group alignwide is-content-justification-center is-nowrap is-layout-flex wp-container-core-group-is-layout-82936891 wp-block-group-is-layout-flex\">\n<p class=\"wp-block-paragraph\" style=\"font-size:clamp(0.875rem, 0.875rem + ((1vw - 0.2rem) * 0.375), 1.1rem);\">Heute n\u00e4hert sich die Welt des Schie\u00dfens mehr denn je der Welt des Sammelns von Ex-Ordinance-Waffen. Genau aus diesem Grund entwickelt sich der Markt heute immer mehr in Richtung einer Aufwertung der Waffe, die nicht nur als rein mechanisches und materielles Objekt, sondern als echtes Kunstwerk voller Geschichte angesehen wird. Viele Sammler m\u00f6chten neben der Erhaltung der Integrit\u00e4t der Waffe bei gleichzeitiger Erhaltung ihres historischen und wirtschaftlichen Wertes auch ihre ballistischen F\u00e4higkeiten testen. Das \u00dcben des Schie\u00dfens kann zum Problem werden, wenn es sich um historische Waffen der Ex-Verordnung handelt, d.h. um Objekte, die nicht f\u00fcr die Unterst\u00fctzung moderner Optiken ausgelegt sind. Integration ist ohne angemessene Unterst\u00fctzung nicht m\u00f6glich: Aus diesem Grund hat Marcello Campanerut, ein leidenschaftlicher Sammler und erfahrener Sch\u00fctze, ein Befestigungssystem entwickelt und patentiert. Im Jahr 2007 setzte er sich im Bewusstsein, dass seine Leidenschaft das Schie\u00dferlebnis vieler Enthusiasten wie ihm verbessern k\u00f6nnte, und setzte sich das Ziel, innovative L\u00f6sungen zu finden, um moderne optische Technologien mit traditionellen und prestigetr\u00e4chtigen Ex-Verordnungen zu kombinieren. Mit seiner Marke MC hat es eine Reihe von St\u00fctzen geschaffen, die auf verschiedene Modelle der fr\u00fcheren Verordnung angewendet werden k\u00f6nnen. Diese Halterungen sind pr\u00e4zise aus verg\u00fcteten Stahlbl\u00f6cken gefertigt und sorgen f\u00fcr eine stabile Halterung, ohne den Lauf der Waffe zu belasten. Als Beweis f\u00fcr die Zuverl\u00e4ssigkeit von MC ist das kundenspezifische Montagesystem anerkannt und durch italienische und europ\u00e4ische Patente gesch\u00fctzt. Die Fotoanleitung, die mit den MC-Aufs\u00e4tzen geliefert wird, ist sorgf\u00e4ltig detailliert und macht es einfach und intuitiv, sie direkt zu Hause zu installieren. Als Beweis f\u00fcr die Zuverl\u00e4ssigkeit von MC ist das kundenspezifische Montagesystem anerkannt und durch italienische und europ\u00e4ische Patente gesch\u00fctzt. Die Fotoanleitung, die mit den MC-Aufs\u00e4tzen geliefert wird, ist sorgf\u00e4ltig detailliert und macht es einfach und intuitiv, sie direkt zu Hause zu installieren. Das Campanerut-Team steht Ihnen auch jederzeit mit Rat und Tat zur Seite, wenn Sie spezielle Zweifel oder Fragen haben. In der MC-Zentrale besteht auch die M\u00f6glichkeit, pers\u00f6nliche Unterst\u00fctzung zu erhalten. Dank der MC-Halterungen f\u00fcr die Optik k\u00f6nnen Sammler ihre Ex-Ordonna-Waffen in vollen Z\u00fcgen genie\u00dfen&#8230;             <\/p>\n<\/div>\n<\/div>\n\n\n\n<div class=\"wp-block-group alignfull has-contrast-background-color has-background editorskit-no-desktop editorskit-no-tablet has-global-padding is-layout-constrained wp-container-core-group-is-layout-992954f5 wp-block-group-is-layout-constrained\" style=\"border-radius:15px;margin-top:var(--wp--preset--spacing--10);margin-bottom:var(--wp--preset--spacing--10);padding-top:3rem;padding-right:3rem;padding-bottom:3rem;padding-left:3rem\">\n<p style=\"margin:0px; max-width:80% text-style:justify\">Die Verbreitung von Ex-Ordinance-Waffen in den westlichen L\u00e4ndern begann am Ende des Zweiten Weltkriegs, als sie nach ihrer Au\u00dferdienststellung durch die Streitkr\u00e4fte von Milit\u00e4rbegeisterten gesammelt wurden. Der Kauf von Ex-Ordinance-Waffen ist eine Gelegenheit, ein St\u00fcck Milit\u00e4rgeschichte in den H\u00e4nden zu halten. Heute unterliegen diese Waffen den Entmilitarisierungsvorschriften und k\u00f6nnen gem\u00e4\u00df den gesetzlich vorgeschriebenen Standards zirkulieren. Ex-Ordinance-Waffen k\u00f6nnen eine gro\u00dfartige Option f\u00fcr diejenigen sein, die nach hochwertigen Waffen suchen. Marcello Campanerut gr\u00fcndete MC, ein Unternehmen, das sich auf die Montage von Optiken ausschlie\u00dflich f\u00fcr Ex-Verordnungswaffen spezialisiert hat, ohne den historischen oder wirtschaftlichen Wert der Waffe zu beeintr\u00e4chtigen. Die gute Erhaltung solcher Waffen ist unerl\u00e4sslich, um ihre Integrit\u00e4t zu gew\u00e4hrleisten. Wer eine Ex-Ordinance-Waffe komplett mit Optik und ad\u00e4quat haben      <br\/><br\/>Die Optik ist einer der wichtigsten Teile der Waffe, da sie uns die n\u00f6tige Sicht garantiert, um zielen zu k\u00f6nnen. Es mag nicht einfach sein, eine gute Optik auf seine fr\u00fchere Verordnung zu montieren, weshalb die von Marcello Campanerut entworfene Versammlung revolution\u00e4r ist. Marcello Campanerut gr\u00fcndete 2007 CM Support und verstand sofort, dass die Waffen der Ex-Verordnung ein Problem mit der Reichweite und Genauigkeit des Schusses hatten. Seine Schie\u00dferfahrung und seine Leidenschaft f\u00fcr das Sammeln von Waffen veranlassten ihn, nach einem Weg zu suchen, die fr\u00fcheren Verordnungen auszugleichen, ohne ihren historischen, symbolischen und wirtschaftlichen Wert zu beeintr\u00e4chtigen. Die CM-Montierung erm\u00f6glicht heute eine vollst\u00e4ndige und vollst\u00e4ndige Integration in die Optik und gew\u00e4hrleistet die einfache Implantation und Deinstallation der Montierung&#8230;    <br\/><br\/>Marcello Campanerut war schon immer ein leidenschaftlicher Sammler von Waffen und Ordonnanz sowie ein Schie\u00dfexperte. Im Bewusstsein, dass seine Leidenschaft auch zu seinem Beruf werden k\u00f6nnte, gr\u00fcndete er 2006 CM, ein Unternehmen, das sich auf Pr\u00e4zisionsbearbeitung spezialisiert hat. Das Ziel seines Unternehmens war es, Wege zu finden, moderne Optik mit der alten und glorreichen fr\u00fcheren Verordnung zu integrieren. Daher hat Campanerut eine Reihe von St\u00fctzen entwickelt, die auf verschiedenen fr\u00fcheren Verordnungen installiert werden k\u00f6nnen, mit der Besonderheit, dass die Mechanik der Waffe nicht besch\u00e4digt wird, wodurch ihr Wert unver\u00e4ndert bleibt und ihre Leistung erh\u00f6ht wird. Die MC-St\u00fctze wird aus einem Block aus geh\u00e4rtetem und verg\u00fctetem Stahl hergestellt und anschlie\u00dfend br\u00fcniert. Seine Besonderheit besteht darin, dass es auf die Aktion der Waffe statt auf den Lauf fixiert ist, wodurch eine Belastung des Laufs selbst und des Zielfernrohrs vermieden wird und ohne die ballistische Genauigkeit zu beeintr\u00e4chtigen. Das System aus Gelenken und Stiften ist f\u00fcr jedes kompatible Waffenmodell ma\u00dfgeschneidert: Es erm\u00f6glicht die Montage auch in einer au\u00dfermittigen Position auf der rechten Seite und ist auch auf verschiedene Modelle sowohl im Repetier- als auch im halbautomatischen Gewehrsektor anwendbar&#8230;      <br\/><br\/>Die Welt des Waffensammelns ist ein schnelllebiger und zunehmend expandierender Sektor. Diese besonderen Objekte, die w\u00e4hrend des Zweiten Weltkriegs der Armee geh\u00f6rten, wurden nach ihrer Au\u00dferdienststellung nach und nach auf dem zivilen Markt verkauft und erlangten im Laufe der Jahre einen steigenden wirtschaftlichen Wert. Jeder, der eine Ex-Ordinance-Waffe besitzt, wei\u00df, dass die Verwendung der mit diesen Waffen gelieferten Metallvisiere nicht die gleiche Leistung wie moderne Waffen hat. Dies kann ein Problem f\u00fcr diejenigen sein, die nicht an die Verwendung von veralteten Visier-, Kerb-\/Dioptrien- und Visier-\/Tunnelwerkzeugen gew\u00f6hnt sind. Um all dies zu l\u00f6sen, war Marcello Campanerut, der sich der Notwendigkeit bewusst war, moderne Zielinstrumente mit historischen Waffen auszustatten, eine Baugruppe patentieren lie\u00df, die einerseits in der Lage war, die \u00c4ra der Herstellung der Waffe zu respektieren und andererseits die L\u00fccke zu f\u00fcllen, die die Zeit hinterlassen hatte, in der dieselben Waffen hergestellt wurden. Die Campanerut-Baugruppe sorgt daf\u00fcr, dass das urspr\u00fcngliche Erscheinungsbild der Waffe respektiert wird und Fans historischer Waffen ihre Leistung voll und ganz genie\u00dfen k\u00f6nnen, wodurch sie mit modernen Waffen vergleichbar sind&#8230;     <br\/><br\/>Heute n\u00e4hert sich die Welt des Schie\u00dfens mehr denn je der Welt des Sammelns von Ex-Ordinance-Waffen. Genau aus diesem Grund entwickelt sich der Markt heute immer mehr in Richtung einer Aufwertung der Waffe, die nicht nur als rein mechanisches und materielles Objekt, sondern als echtes Kunstwerk voller Geschichte angesehen wird. Viele Sammler m\u00f6chten neben der Erhaltung der Integrit\u00e4t der Waffe bei gleichzeitiger Erhaltung ihres historischen und wirtschaftlichen Wertes auch ihre ballistischen F\u00e4higkeiten testen. Das \u00dcben des Schie\u00dfens kann zum Problem werden, wenn es sich um historische Waffen der Ex-Verordnung handelt, d.h. um Objekte, die nicht f\u00fcr die Unterst\u00fctzung moderner Optiken ausgelegt sind. Integration ist ohne angemessene Unterst\u00fctzung nicht m\u00f6glich: Aus diesem Grund hat Marcello Campanerut, ein leidenschaftlicher Sammler und erfahrener Sch\u00fctze, ein Befestigungssystem entwickelt und patentiert. Im Jahr 2007 setzte er sich im Bewusstsein, dass seine Leidenschaft das Schie\u00dferlebnis vieler Enthusiasten wie ihm verbessern k\u00f6nnte, und setzte sich das Ziel, innovative L\u00f6sungen zu finden, um moderne optische Technologien mit traditionellen und prestigetr\u00e4chtigen Ex-Verordnungen zu kombinieren. Mit seiner Marke MC hat es eine Reihe von St\u00fctzen geschaffen, die auf verschiedene Modelle der fr\u00fcheren Verordnung angewendet werden k\u00f6nnen. Diese Halterungen sind pr\u00e4zise aus verg\u00fcteten Stahlbl\u00f6cken gefertigt und sorgen f\u00fcr eine stabile Halterung, ohne den Lauf der Waffe zu belasten. Als Beweis f\u00fcr die Zuverl\u00e4ssigkeit von MC ist das kundenspezifische Montagesystem anerkannt und durch italienische und europ\u00e4ische Patente gesch\u00fctzt. Die Fotoanleitung, die mit den MC-Aufs\u00e4tzen geliefert wird, ist sorgf\u00e4ltig detailliert und macht es einfach und intuitiv, sie direkt zu Hause zu installieren. Als Beweis f\u00fcr die Zuverl\u00e4ssigkeit von MC ist das kundenspezifische Montagesystem anerkannt und durch italienische und europ\u00e4ische Patente gesch\u00fctzt. Die Fotoanleitung, die mit den MC-Aufs\u00e4tzen geliefert wird, ist sorgf\u00e4ltig detailliert und macht es einfach und intuitiv, sie direkt zu Hause zu installieren. Das Campanerut-Team steht Ihnen auch jederzeit mit Rat und Tat zur Seite, wenn Sie spezielle Zweifel oder Fragen haben. In der MC-Zentrale besteht auch die M\u00f6glichkeit, pers\u00f6nliche Unterst\u00fctzung zu erhalten. Dank der MC-Halterungen f\u00fcr die Optik k\u00f6nnen Sammler ihre Ex-Ordonna-Waffen in vollen Z\u00fcgen genie\u00dfen&#8230;            <\/p>\n<\/div>\n<\/div><\/div>\n","protected":false},"excerpt":{"rendered":"","protected":false},"author":1,"featured_media":0,"parent":0,"menu_order":0,"comment_status":"closed","ping_status":"closed","template":"page-no-title","meta":{"_editorskit_title_hidden":false,"_editorskit_reading_time":0,"_editorskit_is_block_options_detached":false,"_editorskit_block_options_position":"{}","_crdt_document":"","footnotes":""},"class_list":["post-1735","page","type-page","status-publish","hentry"],"_links":{"self":[{"href":"https:\/\/cmsupporti.it\/de\/wp-json\/wp\/v2\/pages\/1735","targetHints":{"allow":["GET"]}}],"collection":[{"href":"https:\/\/cmsupporti.it\/de\/wp-json\/wp\/v2\/pages"}],"about":[{"href":"https:\/\/cmsupporti.it\/de\/wp-json\/wp\/v2\/types\/page"}],"author":[{"embeddable":true,"href":"https:\/\/cmsupporti.it\/de\/wp-json\/wp\/v2\/users\/1"}],"replies":[{"embeddable":true,"href":"https:\/\/cmsupporti.it\/de\/wp-json\/wp\/v2\/comments?post=1735"}],"version-history":[{"count":7,"href":"https:\/\/cmsupporti.it\/de\/wp-json\/wp\/v2\/pages\/1735\/revisions"}],"predecessor-version":[{"id":1865,"href":"https:\/\/cmsupporti.it\/de\/wp-json\/wp\/v2\/pages\/1735\/revisions\/1865"}],"wp:attachment":[{"href":"https:\/\/cmsupporti.it\/de\/wp-json\/wp\/v2\/media?parent=1735"}],"curies":[{"name":"wp","href":"https:\/\/api.w.org\/{rel}","templated":true}]}}